{"id":376,"date":"2020-01-04T20:55:29","date_gmt":"2020-01-04T20:55:29","guid":{"rendered":"https:\/\/www.legalenglishlearning.com\/testimonios\/"},"modified":"2020-02-08T23:48:05","modified_gmt":"2020-02-08T23:48:05","slug":"testimonials","status":"publish","type":"page","link":"https:\/\/www.legalenglishlearning.com\/en\/testimonials\/","title":{"rendered":"Testimonials"},"content":{"rendered":"<p>[vc_row type=&#8221;vc_default&#8221; full_width=&#8221;stretch_row_content_no_spaces&#8221; css=&#8221;.vc_custom_1558275638126{margin-top: -60px !important;}&#8221;][vc_column][vc_column_text]<img loading=\"lazy\" class=\"aligncenter size-full wp-image-191\" src=\"https:\/\/www.legalenglishlearning.com\/wp-content\/uploads\/f-9.jpg\" alt=\"\" width=\"1500\" height=\"568\" srcset=\"https:\/\/www.legalenglishlearning.com\/wp-content\/uploads\/f-9.jpg 1500w, https:\/\/www.legalenglishlearning.com\/wp-content\/uploads\/f-9-300x114.jpg 300w, https:\/\/www.legalenglishlearning.com\/wp-content\/uploads\/f-9-768x291.jpg 768w, https:\/\/www.legalenglishlearning.com\/wp-content\/uploads\/f-9-1024x388.jpg 1024w\" sizes=\"(max-width: 1500px) 100vw, 1500px\" \/>[\/vc_column_text][\/vc_column][\/vc_row][vc_row][vc_column][vc_empty_space height=&#8221;12px&#8221;][\/vc_column][\/vc_row][vc_row][vc_column][vc_column_text]<\/p>\n<h3>What is being said about me<\/h3>\n<p>[\/vc_column_text][vc_separator color=&#8221;mulled_wine&#8221; align=&#8221;align_left&#8221; border_width=&#8221;5&#8243; el_width=&#8221;10&#8243; css=&#8221;.vc_custom_1578167177215{margin-top: -12px !important;}&#8221;][\/vc_column][\/vc_row][vc_row][vc_column][vc_empty_space height=&#8221;12px&#8221;][\/vc_column][\/vc_row][vc_row][vc_column width=&#8221;1\/12&#8243;][vc_single_image image=&#8221;195&#8243; img_size=&#8221;full&#8221;][\/vc_column][vc_column width=&#8221;11\/12&#8243;][vc_column_text]<\/p>\n<h5>V\u00edctor Artola Recolons<\/h5>\n<p>M&amp;A Lawyer at ONTIER Madrid \/ MBA IE Business School\/ IE University Teacher<\/p>\n<div id=\"cita\">\n<p>Great English teacher with very useful knowledge of legal issues!<\/p>\n<\/div>\n<p>[\/vc_column_text][\/vc_column][\/vc_row][vc_row][vc_column][vc_separator][\/vc_column][\/vc_row][vc_row][vc_column width=&#8221;1\/12&#8243;][vc_single_image image=&#8221;284&#8243; img_size=&#8221;full&#8221;][\/vc_column][vc_column width=&#8221;11\/12&#8243;][vc_column_text]<\/p>\n<h5>Jon Vicu\u00f1a<\/h5>\n<p>LL.M. Candidate at Columbia Law School<\/p>\n<div id=\"cita\">\n<p>I was Ralph&#8217;s student during the months before starting my studies at Columbia Law School. Beyond helping me build my legal vocabulary, Ralph provided me with valuable tools to understand the relevant legal institutions of common law systems. Ralph offers personalized services according to each student&#8217;s needs and demonstrates a high degree of commitment towards education.<\/p>\n<\/div>\n<p>[\/vc_column_text][\/vc_column][\/vc_row][vc_row][vc_column][vc_separator][\/vc_column][\/vc_row][vc_row][vc_column width=&#8221;1\/12&#8243;][vc_single_image image=&#8221;199&#8243; img_size=&#8221;full&#8221;][\/vc_column][vc_column width=&#8221;11\/12&#8243;][vc_column_text]<\/p>\n<h5>Antonio Murillo Gayo<\/h5>\n<p>Director de asesor\u00eda jur\u00eddica en Bankinter \/ Director of Bankinter\u2019s Legal Department<\/p>\n<div id=\"cita\">\n<p>Ralph es un extraordinario profesor de ingles jur\u00eddico. Y lo esporque es una gran abogado que prepara concienzudamente su trabajo, sistematiza y tiene un orden y rigor fuera de lo com\u00fan.<\/p>\n<p><strong>Translation<\/strong>: Ralph is an extraordinary professor of Legal English. And the reason why is because he is a great lawyer who prepares conscientiously his work, systematizes and has an order and rigor out of the ordinary.<\/p>\n<\/div>\n<p>[\/vc_column_text][\/vc_column][\/vc_row][vc_row][vc_column][vc_separator][\/vc_column][\/vc_row][vc_row][vc_column width=&#8221;1\/12&#8243;][vc_single_image image=&#8221;219&#8243; img_size=&#8221;full&#8221;][\/vc_column][vc_column width=&#8221;11\/12&#8243;][vc_column_text]<\/p>\n<h5>Noa Rodriguez Fernandez<\/h5>\n<p>Abogada \/Lawyer at Legal Mavens<\/p>\n<div id=\"cita\">\n<p>Ralph es, sin duda, el mejor profesor de ingl\u00e9s que he tenido. Sabec\u00f3mo motivar a sus alumnos y hacer que las clases sean interesantes, productivas y entretenidas.<\/p>\n<p><strong>Translation<\/strong>: Ralph is, without a doubt, the best English teacher I have ever had. He knows how to motivate his students and make the classes interesting, productive and entertaining.<\/p>\n<\/div>\n<p>[\/vc_column_text][\/vc_column][\/vc_row][vc_row][vc_column][vc_separator][\/vc_column][\/vc_row][vc_row][vc_column width=&#8221;1\/12&#8243;][vc_single_image image=&#8221;221&#8243; img_size=&#8221;full&#8221;][\/vc_column][vc_column width=&#8221;11\/12&#8243;][vc_column_text]<\/p>\n<h5>Alicia Fole<\/h5>\n<p>Solicitor qualified in Spain, England and Wales, specialised in insurance and reinsurance claims<\/p>\n<div id=\"cita\">\n<p>Ralph ha demostrado ser un excelente profesor de ingl\u00e9s jur\u00eddico. Es muy organizado y estructurado, permitiendo al alumno situarse dentro del esquema general de la clase concreta y el programa general.<\/p>\n<p>Ha demostrado tener un s\u00f3lido conocimiento te\u00f3rico y pr\u00e1ctico que sabe transmitir al alumno de forma creativa, siendo capaz de motivar al alumno con la estructura de sus clases y ejercicios.<\/p>\n<p>Con Ralph las clases de ingl\u00e9s resultan amenas y muy completas desde el punto de vista t\u00e9cnico, acompa\u00f1ando siempre con ejemplos pr\u00e1cticos sus explicaciones. Adem\u00e1s, explica y corrige con paciencia y sabe interpretar al alumno cuando presenta dificultades en la comunicaci\u00f3n.<\/p>\n<p>\u00a1No dudar\u00eda en recomendar a Ralph como profesor de ingl\u00e9s jur\u00eddico, puesto que el aprendizaje est\u00e1 asegurado!<\/p>\n<p><strong>Translation<\/strong>: Ralph has proven to be an excellent professor of legal English. He is very organized and structured, allowing the student to situate themselves within the specific class and the general outline of the course.<\/p>\n<p>He has demonstrated a solid theoretical and practical knowledge that he knows how to transmit to the student in a creative way, being able to motivate the student through the structure of his classes and exercises.<\/p>\n<p>With Ralph English classes are enjoyable and very complete from the technical point of view, always accompanying his explanations with practical examples. In addition, he explains and corrects with patience and knows how to interpret the student when they have difficulties with communication.<\/p>\n<p>I would not hesitate to recommend Ralph as a professor of legal English, since with him learning is guaranteed!<\/p>\n<\/div>\n<p>[\/vc_column_text][\/vc_column][\/vc_row][vc_row][vc_column][vc_separator][\/vc_column][\/vc_row][vc_row][vc_column width=&#8221;1\/12&#8243;][vc_single_image image=&#8221;223&#8243; img_size=&#8221;full&#8221;][\/vc_column][vc_column width=&#8221;11\/12&#8243;][vc_column_text]<\/p>\n<h5>Roc\u00edo Mart\u00ednez Molero<\/h5>\n<p>DIRECTORA DE OFICINA en ONTIER MEXICO \/ DIRECTOR OF ONTIER\u2019S MEXICO OFFICE<\/p>\n<div id=\"cita\">\n<p>Ralph es mi profesor de ingl\u00e9s jur\u00eddico desde hace dos a\u00f1os.Durante este tiempo, ha demostrado ser un gran profesional, responsable y creativo. Posee excelentes habilidades para la comunicaci\u00f3n y docencia, sabiendo combinar diferentes m\u00e9todos para as\u00ed lograr los mejores resultados en el proceso de ense\u00f1anza.<\/p>\n<p><strong>Translation<\/strong>: Ralph has been my legal English teacher for two years. During this time, he has proven to be a great professional, responsible and creative. He has excellent skills for communication and teaching, knowing how to combine different methods to achieve the best results in the teaching process.<\/p>\n<\/div>\n<p>[\/vc_column_text][\/vc_column][\/vc_row][vc_row][vc_column][vc_separator][\/vc_column][\/vc_row][vc_row][vc_column width=&#8221;1\/12&#8243;][vc_single_image image=&#8221;224&#8243; img_size=&#8221;full&#8221;][\/vc_column][vc_column width=&#8221;11\/12&#8243;][vc_column_text]<\/p>\n<h5>Alejandro D\u00edez-Barturen Llombart<\/h5>\n<p>Abogado Desarrollo de Negocio \/ Business Development Lawyer<\/p>\n<div id=\"cita\">\n<p>Ralph es un gran profesional, dedicado y atento. Sin duda lo recomiendo a cualquier profesional del sector legal que quiera mejorar su ingl\u00e9s jur\u00eddico o profundizar en el sistema jur\u00eddico anglosaj\u00f3n (common law).<\/p>\n<p><strong>Translation<\/strong>: Ralph is a great professional, dedicated and attentive. Without a doubt, I recommend him to any professional in the legal sector who wants to improve their legal English or deepen knowledge of the Anglo-Saxon (common law) legal system.<\/p>\n<\/div>\n<p>[\/vc_column_text][\/vc_column][\/vc_row][vc_row][vc_column][vc_separator][\/vc_column][\/vc_row][vc_row][vc_column width=&#8221;1\/12&#8243;][vc_single_image image=&#8221;225&#8243; img_size=&#8221;full&#8221;][\/vc_column][vc_column width=&#8221;11\/12&#8243;][vc_column_text]<\/p>\n<h5>Pilar L\u00f3pez D\u00edaz<\/h5>\n<p>Abogada en \/ Lawyer in El Corte Ingles<\/p>\n<div id=\"cita\">\n<p>Abogado con experiencia y amplio conocimiento en Derecho mercantil, laboral, responsabilidad civil y penal. En mi experiencia con el, es un profesor excelente, comparte sus amplios conocimientos legales para adentrarte en el aprendizaje del idioma, utiliza recursos que impulsan el aprendijaze del ingl\u00e9s, de una manera amena y f\u00e1cil, utilizando videos, art\u00edculos, debates, rol play, situaciones pr\u00e1cticas y reales, debates&#8230;que te hace aprender desde un punto de vista pr\u00e1ctico y f\u00e1cil el ingl\u00e9s. Sin duda y desde mi experiencia y la de mis compa\u00f1eros de empresa ha sido maravillosa y como no hac\u00eda tiempo aprend\u00eda un idioma, recomiendo a este gran profesional a todos aquellos colegas y abogados que deseen ampliar y reforzar el ingl\u00e9s aplicado en su \u00e1mbito legal.<\/p>\n<p>Translation: Lawyer with experience and extensive knowledge in commercial, labor, civil and criminal law. In my experience with him, he is an excellent teacher, he shares his extensive legal knowledge to delve into language learning, he uses resources that drive English learning, in a pleasant and easy way, using videos, articles, debates, role play, practical and real situations, debates &#8230; which make you learn English from a practical and easy point of view. From my experience and that of my company colleagues, undoubtedly, it has been a wonderful experience especially since I had not learned a language for a long time, and I recommend this great professional to all those colleagues and lawyers who wish to expand and reinforce the English applied in their legal field.<\/p>\n<\/div>\n<p>[\/vc_column_text][\/vc_column][\/vc_row][vc_row][vc_column][vc_separator][\/vc_column][\/vc_row][vc_row][vc_column width=&#8221;1\/12&#8243;][vc_single_image image=&#8221;228&#8243; img_size=&#8221;full&#8221;][\/vc_column][vc_column width=&#8221;11\/12&#8243;][vc_column_text]<\/p>\n<h5>Ana D\u00edaz-Tendero Ruiz<\/h5>\n<p>Business Developer and Communication Specialist<\/p>\n<div id=\"cita\">\n<p>Ralph is an excellent English teacher, he always does his best in every class with great preparation.<\/p>\n<p>He puts a lot of effort into your progress, working on your weaknesses and using every class different, practical and exiting materials.<\/p>\n<p>He motivated me a lot and gave me extra confidence, which in my personal opinion is the most important thing when you learn and talk foreign language.<\/p>\n<\/div>\n<p>[\/vc_column_text][\/vc_column][\/vc_row][vc_row][vc_column][vc_separator][\/vc_column][\/vc_row][vc_row][vc_column width=&#8221;1\/12&#8243;][vc_single_image image=&#8221;229&#8243; img_size=&#8221;full&#8221;][\/vc_column][vc_column width=&#8221;11\/12&#8243;][vc_column_text]<\/p>\n<h5>Pedro Rubio Escobar<\/h5>\n<p>SOCIO de ONTIER Responsable del Departamento de Derecho P\u00fablico y Urbanismo \/ Partner at ONTIER heading the Department of Public Law and Urbanism<\/p>\n<div id=\"cita\">\n<p>Excellent teacher.<\/p>\n<\/div>\n<p>[\/vc_column_text][\/vc_column][\/vc_row][vc_row][vc_column][vc_separator][\/vc_column][\/vc_row][vc_row][vc_column][vc_btn title=&#8221;See more&#8221; style=&#8221;outline-custom&#8221; outline_custom_color=&#8221;#743712&#8243; outline_custom_hover_background=&#8221;#743712&#8243; outline_custom_hover_text=&#8221;#ffffff&#8221; shape=&#8221;square&#8221; i_icon_fontawesome=&#8221;fa fa-arrow-circle-right&#8221; link=&#8221;url:https%3A%2F%2Fwww.linkedin.com%2Fin%2Fralphdzegniuk%2F||target:%20_blank|&#8221; add_icon=&#8221;true&#8221;][\/vc_column][\/vc_row]<\/p>\n","protected":false},"excerpt":{"rendered":"<p>[vc_row type=&#8221;vc_default&#8221; full_width=&#8221;stretch_row_content_no_spaces&#8221; css=&#8221;.vc_custom_1558275638126{margin-top: -60px !important;}&#8221;][vc_column][vc_column_text][\/vc_column_text][\/vc_column][\/vc_row][vc_row][vc_column][vc_empty_space height=&#8221;12px&#8221;][\/vc_column][\/vc_row][vc_row][vc_column][vc_column_text] What is being said about me [\/vc_column_text][vc_separator color=&#8221;mulled_wine&#8221; align=&#8221;align_left&#8221; border_width=&#8221;5&#8243; el_width=&#8221;10&#8243; css=&#8221;.vc_custom_1578167177215{margin-top: -12px !important;}&#8221;][\/vc_column][\/vc_row][vc_row][vc_column][vc_empty_space height=&#8221;12px&#8221;][\/vc_column][\/vc_row][vc_row][vc_column width=&#8221;1\/12&#8243;][vc_single_image image=&#8221;195&#8243; img_size=&#8221;full&#8221;][\/vc_column][vc_column width=&#8221;11\/12&#8243;][vc_column_text] V\u00edctor Artola Recolons M&amp;A Lawyer at ONTIER Madrid \/ MBA IE Business School\/ IE University Teacher Great English teacher with very useful knowledge of legal issues! [\/vc_column_text][\/vc_column][\/vc_row][vc_row][vc_column][vc_separator][\/vc_column][\/vc_row][vc_row][vc_column width=&#8221;1\/12&#8243;][vc_single_image image=&#8221;284&#8243;&hellip;<\/p>\n","protected":false},"author":1,"featured_media":0,"parent":0,"menu_order":0,"comment_status":"closed","ping_status":"closed","template":"","meta":[],"aioseo_notices":[],"_links":{"self":[{"href":"https:\/\/www.legalenglishlearning.com\/en\/wp-json\/wp\/v2\/pages\/376"}],"collection":[{"href":"https:\/\/www.legalenglishlearning.com\/en\/wp-json\/wp\/v2\/pages"}],"about":[{"href":"https:\/\/www.legalenglishlearning.com\/en\/wp-json\/wp\/v2\/types\/page"}],"author":[{"embeddable":true,"href":"https:\/\/www.legalenglishlearning.com\/en\/wp-json\/wp\/v2\/users\/1"}],"replies":[{"embeddable":true,"href":"https:\/\/www.legalenglishlearning.com\/en\/wp-json\/wp\/v2\/comments?post=376"}],"version-history":[{"count":2,"href":"https:\/\/www.legalenglishlearning.com\/en\/wp-json\/wp\/v2\/pages\/376\/revisions"}],"predecessor-version":[{"id":378,"href":"https:\/\/www.legalenglishlearning.com\/en\/wp-json\/wp\/v2\/pages\/376\/revisions\/378"}],"wp:attachment":[{"href":"https:\/\/www.legalenglishlearning.com\/en\/wp-json\/wp\/v2\/media?parent=376"}],"curies":[{"name":"wp","href":"https:\/\/api.w.org\/{rel}","templated":true}]}}